{"id":1632,"date":"2021-07-01T18:34:10","date_gmt":"2021-07-01T18:34:10","guid":{"rendered":"https:\/\/chea.qodeinteractive.com\/?page_id=1632"},"modified":"2021-07-01T18:34:10","modified_gmt":"2021-07-01T18:34:10","slug":"no-sidebar","status":"publish","type":"page","link":"https:\/\/www.bodyflow.pt\/de\/in-der-seitenleiste\/","title":{"rendered":"In der Seitenleiste"},"content":{"rendered":"<div data-elementor-type=\"wp-page\" data-elementor-id=\"1632\" class=\"elementor elementor-1632\">\n\t\t\t\t\t\t<section class=\"elementor-section elementor-top-section elementor-element elementor-element-634a197 elementor-section-full_width elementor-section-height-default elementor-section-height-default qodef-elementor-content-no\" data-id=\"634a197\" data-element_type=\"section\">\n\t\t\t\t\t\t<div class=\"elementor-container elementor-column-gap-default\">\n\t\t\t\t\t<div class=\"elementor-column elementor-col-100 elementor-top-column elementor-element elementor-element-5de3d42\" data-id=\"5de3d42\" data-element_type=\"column\">\n\t\t\t<div class=\"elementor-widget-wrap elementor-element-populated\">\n\t\t\t\t\t\t<div class=\"elementor-element elementor-element-8a9bfe0 elementor-widget elementor-widget-chea_core_blog_list\" data-id=\"8a9bfe0\" data-element_type=\"widget\" data-widget_type=\"chea_core_blog_list.default\">\n\t\t\t\t<div class=\"elementor-widget-container\">\n\t\t\t\t\t<div class=\"qodef-shortcode qodef-m  qodef-blog qodef--list qodef-item-layout--standard qodef-hover-animation--no qodef-grid qodef-layout--columns  qodef-gutter--normal qodef-col-num--1 qodef-item-layout--standard qodef-pagination--on qodef-pagination-type--standard qodef-responsive--predefined\" data-options=\"{&quot;plugin&quot;:&quot;chea_core&quot;,&quot;module&quot;:&quot;blog\\\/shortcodes&quot;,&quot;shortcode&quot;:&quot;blog-list&quot;,&quot;post_type&quot;:&quot;post&quot;,&quot;next_page&quot;:&quot;2&quot;,&quot;max_pages_num&quot;:1,&quot;behavior&quot;:&quot;columns&quot;,&quot;images_proportion&quot;:&quot;full&quot;,&quot;columns&quot;:&quot;1&quot;,&quot;columns_responsive&quot;:&quot;predefined&quot;,&quot;space&quot;:&quot;normal&quot;,&quot;posts_per_page&quot;:&quot;5&quot;,&quot;orderby&quot;:&quot;date&quot;,&quot;order&quot;:&quot;ASC&quot;,&quot;layout&quot;:&quot;standard&quot;,&quot;title_tag&quot;:&quot;h2&quot;,&quot;hover_animation&quot;:&quot;no&quot;,&quot;pagination_type&quot;:&quot;standard&quot;,&quot;object_class_name&quot;:&quot;CheaCore_Blog_List_Shortcode&quot;,&quot;taxonomy_filter&quot;:&quot;category&quot;,&quot;space_value&quot;:15}\">\n\t\t<div class=\"qodef-grid-inner clear\">\n\t\t<article class=\"qodef-e qodef-blog-item qodef-grid-item qodef-item--full post-396 post type-post status-publish format-standard has-post-thumbnail hentry category-body-flow tag-body-flow\">\n\t<div class=\"qodef-e-inner\">\n\t\t<div class=\"qodef-e-media\">\n\t\t<div class=\"qodef-e-media-image\">\n\t\t<a itemprop=\"url\" href=\"https:\/\/www.bodyflow.pt\/de\/2022\/10\/19\/manifest\/\">\n\t\t\t<img fetchpriority=\"high\" decoding=\"async\" width=\"1000\" height=\"1371\" src=\"https:\/\/www.bodyflow.pt\/wp-content\/uploads\/2022\/10\/WhatsApp-Image-2022-09-08-at-23.26.28-2.jpeg\" class=\"attachment-full size-full wp-post-image\" alt=\"\" srcset=\"https:\/\/www.bodyflow.pt\/wp-content\/uploads\/2022\/10\/WhatsApp-Image-2022-09-08-at-23.26.28-2.jpeg 1000w, https:\/\/www.bodyflow.pt\/wp-content\/uploads\/2022\/10\/WhatsApp-Image-2022-09-08-at-23.26.28-2-219x300.jpeg 219w, https:\/\/www.bodyflow.pt\/wp-content\/uploads\/2022\/10\/WhatsApp-Image-2022-09-08-at-23.26.28-2-747x1024.jpeg 747w, https:\/\/www.bodyflow.pt\/wp-content\/uploads\/2022\/10\/WhatsApp-Image-2022-09-08-at-23.26.28-2-768x1053.jpeg 768w\" sizes=\"(max-width: 1000px) 100vw, 1000px\" \/>\t\t<\/a>\n\t<\/div>\n<\/div>\n\t\t<div class=\"qodef-e-content\">\n\t\t\t<div class=\"qodef-e-top-holder\">\n\t\t\t\t<div class=\"qodef-e-info\">\n\t\t\t\t\t<a itemprop=\"dateCreated\" href=\"https:\/\/www.bodyflow.pt\/de\/2022\/10\/\"  class=\"\">\n\t19. Oktober, 2022<\/a><div class=\"qodef-info-separator-end\"><\/div><a href=\"https:\/\/www.bodyflow.pt\/de\/category\/korperdurchstromung\/\" rel=\"tag\">K\u00f6rperfluss<\/a><div class=\"qodef-info-separator-end\"><\/div>\t\t\t\t<\/div>\n\t\t\t<\/div>\n\t\t\t<div class=\"qodef-e-text\">\n\t\t\t\t<h2 itemprop=\"name\" class=\"qodef-e-title entry-title\" >\n\t<a itemprop=\"url\" class=\"qodef-e-title-link\" href=\"https:\/\/www.bodyflow.pt\/de\/2022\/10\/19\/manifest\/\">\n\t\tMANIFESTO\t<\/a>\n<\/h2>\n\t\t<p itemprop=\"description\" class=\"qodef-e-excerpt\">WIR SIND EIN ORT DES WILLKOMMENS, DER F\u00dcRSORGE UND DER R\u00dcCKBESINNUNG. VON K\u00d6RPER UND SEELE.\nWIR GLAUBEN, DASS SCH\u00d6NHEIT GANZHEITLICH IST UND MEHR MIT WOHLBEFINDEN UND SELBSTWERTGEF\u00dcHL ZU TUN HABEN SOLLTE ALS MIT NORMEN.<\/p>\n\t\t\t\t<\/div>\n\t\t\t<div class=\"qodef-e-bottom-holder\">\n\t\t\t\t<div class=\"qodef-e-left\">\n\t\t\t\t\t\t<div class=\"qodef-e-read-more\">\n        \t\t<a class=\"qodef-shortcode qodef-m  qodef-button qodef-layout--outlined  qodef-html--link\" href=\"https:\/\/www.bodyflow.pt\/de\/2022\/10\/19\/manifest\/\" target=\"_self\"  >    <span class=\"qodef-m-border--top-right\" ><\/span>    <span class=\"qodef-m-border--bottom-left\" ><\/span>    <span class=\"qodef-m-text\">Read More<\/span><\/a>\t<\/div>\n\t\t\t\t<\/div>\n\t\t\t\t<div class=\"qodef-e-right qodef-e-info\">\n\n\t\t\t\t<\/div>\n\t\t\t<\/div>\n\t\t<\/div>\n\t<\/div>\n<\/article>\n\t<\/div>\n\t<\/div>\n\t\t\t\t<\/div>\n\t\t\t\t<\/div>\n\t\t\t\t\t<\/div>\n\t\t<\/div>\n\t\t\t\t\t<\/div>\n\t\t<\/section>\n\t\t\t\t<\/div>","protected":false},"excerpt":{"rendered":"<p>HealthSpa June 29, 2021 Aromatherapy Candle Turpis massa sed elementum tempus. Porttitor leo a diam sollicitudin tempor. Viverra maecenas accumsan lacus vel facilisis volutpat est velit. Phasellus vestibulum lorem sed risus. Nunc non blandit massa enim nec dui. Ac placerat vestibulum lectus mauris ultrices eros in cursus. Arcu dui vivamus arcu felis. Read More https:\/\/chea.qodeinteractive.com\/wp-content\/uploads\/2021\/06\/Free-Ambient-Loop.mp3 [&hellip;]<\/p>","protected":false},"author":1,"featured_media":0,"parent":0,"menu_order":0,"comment_status":"closed","ping_status":"closed","template":"","meta":{"footnotes":""},"class_list":["post-1632","page","type-page","status-publish","hentry"],"aioseo_notices":[],"_links":{"self":[{"href":"https:\/\/www.bodyflow.pt\/de\/wp-json\/wp\/v2\/pages\/1632"}],"collection":[{"href":"https:\/\/www.bodyflow.pt\/de\/wp-json\/wp\/v2\/pages"}],"about":[{"href":"https:\/\/www.bodyflow.pt\/de\/wp-json\/wp\/v2\/types\/page"}],"author":[{"embeddable":true,"href":"https:\/\/www.bodyflow.pt\/de\/wp-json\/wp\/v2\/users\/1"}],"replies":[{"embeddable":true,"href":"https:\/\/www.bodyflow.pt\/de\/wp-json\/wp\/v2\/comments?post=1632"}],"version-history":[{"count":0,"href":"https:\/\/www.bodyflow.pt\/de\/wp-json\/wp\/v2\/pages\/1632\/revisions"}],"wp:attachment":[{"href":"https:\/\/www.bodyflow.pt\/de\/wp-json\/wp\/v2\/media?parent=1632"}],"curies":[{"name":"wp","href":"https:\/\/api.w.org\/{rel}","templated":true}]}}