{"id":2958,"date":"2021-07-07T10:50:03","date_gmt":"2021-07-07T09:50:03","guid":{"rendered":"https:\/\/chea.qodeinteractive.com\/?page_id=2958"},"modified":"2022-10-06T23:48:13","modified_gmt":"2022-10-06T22:48:13","slug":"a-nossa-equipa","status":"publish","type":"page","link":"https:\/\/www.bodyflow.pt\/fr\/notre-equipe\/","title":{"rendered":"Notre \u00e9quipe"},"content":{"rendered":"<div data-elementor-type=\"wp-page\" data-elementor-id=\"2958\" class=\"elementor elementor-2958\">\n\t\t\t\t\t\t<section class=\"elementor-section elementor-top-section elementor-element elementor-element-9eaa0e5 elementor-section-full_width elementor-section-height-default elementor-section-height-default qodef-elementor-content-no\" data-id=\"9eaa0e5\" data-element_type=\"section\">\n\t\t\t\t\t\t<div class=\"elementor-container elementor-column-gap-default\">\n\t\t\t\t\t<div class=\"elementor-column elementor-col-100 elementor-top-column elementor-element elementor-element-60c5fb2\" data-id=\"60c5fb2\" data-element_type=\"column\">\n\t\t\t<div class=\"elementor-widget-wrap elementor-element-populated\">\n\t\t\t\t\t\t<div class=\"elementor-element elementor-element-7193511 elementor-widget__width-initial elementor-widget-mobile__width-initial elementor-widget elementor-widget-chea_core_section_title\" data-id=\"7193511\" data-element_type=\"widget\" data-widget_type=\"chea_core_section_title.default\">\n\t\t\t\t<div class=\"elementor-widget-container\">\n\t\t\t\t\t<div class=\"qodef-shortcode qodef-m  qodef-section-title qodef-alignment--center\">\n\t\t\t<h1 class=\"qodef-m-title\" >\n\t\t\t\t\tNOTRE <span class=\"qodef-italic-word\">\u00c9QUIPE<\/span>\t\t\t<\/h1>\n\t\t<p class=\"qodef-m-text\" style=\"margin: 15px 0px 0px;font-size: 22px\">Avec plus de 15 ans d'exp\u00e9rience, nous avons s\u00e9lectionn\u00e9 des traitements plus humanis\u00e9s, personnalis\u00e9s et dot\u00e9s des derni\u00e8res innovations et technologies du march\u00e9 de la beaut\u00e9.<\/p>\n\t\n    <\/div>\n\t\t\t\t<\/div>\n\t\t\t\t<\/div>\n\t\t\t\t\t<\/div>\n\t\t<\/div>\n\t\t\t\t\t<\/div>\n\t\t<\/section>\n\t\t\t\t<section class=\"elementor-section elementor-top-section elementor-element elementor-element-60fa0d0 elementor-section-full_width qodef-elementor-content-grid elementor-section-height-default elementor-section-height-default\" data-id=\"60fa0d0\" data-element_type=\"section\">\n\t\t\t\t\t\t<div class=\"elementor-container elementor-column-gap-default\">\n\t\t\t\t\t<div class=\"elementor-column elementor-col-100 elementor-top-column elementor-element elementor-element-21cdfe8\" data-id=\"21cdfe8\" data-element_type=\"column\">\n\t\t\t<div class=\"elementor-widget-wrap elementor-element-populated\">\n\t\t\t\t\t\t<div class=\"elementor-element elementor-element-4e9d1e1 elementor-widget elementor-widget-chea_core_team_list\" data-id=\"4e9d1e1\" data-element_type=\"widget\" data-widget_type=\"chea_core_team_list.default\">\n\t\t\t\t<div class=\"elementor-widget-container\">\n\t\t\t\t\t<div class=\"qodef-shortcode qodef-m  qodef-team-list qodef-item-layout--info-below qodef-appear-animation--no qodef-grid qodef-layout--columns  qodef-gutter--large qodef-col-num--2 qodef-item-layout--info-below qodef--no-bottom-space qodef-pagination--off qodef-responsive--custom qodef-col-num--1440--2 qodef-col-num--1366--2 qodef-col-num--1024--2 qodef-col-num--768--2 qodef-col-num--680--1 qodef-col-num--480--1\" data-options=\"{&quot;plugin&quot;:&quot;chea_core&quot;,&quot;module&quot;:&quot;post-types\\\/team\\\/shortcodes&quot;,&quot;shortcode&quot;:&quot;team-list&quot;,&quot;post_type&quot;:&quot;team&quot;,&quot;next_page&quot;:&quot;2&quot;,&quot;max_pages_num&quot;:1,&quot;appear_animation&quot;:&quot;no&quot;,&quot;behavior&quot;:&quot;columns&quot;,&quot;images_proportion&quot;:&quot;full&quot;,&quot;columns&quot;:&quot;2&quot;,&quot;columns_responsive&quot;:&quot;custom&quot;,&quot;columns_1440&quot;:&quot;2&quot;,&quot;columns_1366&quot;:&quot;2&quot;,&quot;columns_1024&quot;:&quot;2&quot;,&quot;columns_768&quot;:&quot;2&quot;,&quot;columns_680&quot;:&quot;1&quot;,&quot;columns_480&quot;:&quot;1&quot;,&quot;space&quot;:&quot;large&quot;,&quot;posts_per_page&quot;:&quot;6&quot;,&quot;orderby&quot;:&quot;date&quot;,&quot;order&quot;:&quot;ASC&quot;,&quot;additional_params&quot;:&quot;tax&quot;,&quot;tax&quot;:&quot;team-category&quot;,&quot;tax_slug&quot;:&quot;equipa&quot;,&quot;layout&quot;:&quot;info-below&quot;,&quot;title_tag&quot;:&quot;h5&quot;,&quot;enable_filter&quot;:&quot;no&quot;,&quot;pagination_type&quot;:&quot;no-pagination&quot;,&quot;object_class_name&quot;:&quot;CheaCore_Team_List_Shortcode&quot;,&quot;taxonomy_filter&quot;:&quot;team-category&quot;,&quot;additional_query_args&quot;:{&quot;tax_query&quot;:[{&quot;taxonomy&quot;:&quot;team-category&quot;,&quot;field&quot;:&quot;slug&quot;,&quot;terms&quot;:&quot;equipa&quot;}]},&quot;item_classes&quot;:&quot;qodef-e qodef-grid-item&quot;,&quot;space_value&quot;:25}\">\n\t\t<div class=\"qodef-grid-inner clear\">\n\t\t<div class=\"qodef-e qodef-grid-item post-469 team type-team status-publish has-post-thumbnail hentry team-category-equipa\">\n\t<div class=\"qodef-e-inner\">\n\t\t<div class=\"qodef-e-image\">\n\t\t\t\t<div class=\"qodef-e-media-image\">\n\t\t\t\t\t<img fetchpriority=\"high\" decoding=\"async\" width=\"667\" height=\"750\" src=\"https:\/\/www.bodyflow.pt\/wp-content\/uploads\/2021\/06\/gisely.jpg\" class=\"attachment-full size-full wp-post-image\" alt=\"Gisely Valiani\" srcset=\"https:\/\/www.bodyflow.pt\/wp-content\/uploads\/2021\/06\/gisely.jpg 667w, https:\/\/www.bodyflow.pt\/wp-content\/uploads\/2021\/06\/gisely-267x300.jpg 267w\" sizes=\"(max-width: 667px) 100vw, 667px\" \/>\t\t\t<\/div>\n\t\t<\/div>\n\t\t<div class=\"qodef-e-content\" >\n\t\t\t<h5 itemprop=\"name\" class=\"qodef-e-title entry-title\" >\n\t\t\tGisely Valiani\t<\/h5>\n\t\t\t\t\t\t            \t<span class=\"qodef-e-role\">Co-fondateur \/ Massoth\u00e9rapeute esth\u00e9tique<\/span>\n\t\t<\/div>\n\t<\/div>\n<\/div>\n<div class=\"qodef-e qodef-grid-item post-473 team type-team status-publish has-post-thumbnail hentry team-category-equipa\">\n\t<div class=\"qodef-e-inner\">\n\t\t<div class=\"qodef-e-image\">\n\t\t\t\t<div class=\"qodef-e-media-image\">\n\t\t\t\t\t<img decoding=\"async\" width=\"667\" height=\"750\" data-src=\"https:\/\/www.bodyflow.pt\/wp-content\/uploads\/2021\/06\/aline_gimenez.jpg\" class=\"attachment-full size-full wp-post-image lazyload\" alt=\"Aline Gimenez\" data-srcset=\"https:\/\/www.bodyflow.pt\/wp-content\/uploads\/2021\/06\/aline_gimenez.jpg 667w, https:\/\/www.bodyflow.pt\/wp-content\/uploads\/2021\/06\/aline_gimenez-267x300.jpg 267w\" data-sizes=\"(max-width: 667px) 100vw, 667px\" src=\"data:image\/gif;base64,R0lGODlhAQABAAAAACH5BAEKAAEALAAAAAABAAEAAAICTAEAOw==\" style=\"--smush-placeholder-width: 667px; --smush-placeholder-aspect-ratio: 667\/750;\" \/><noscript><img decoding=\"async\" width=\"667\" height=\"750\" src=\"https:\/\/www.bodyflow.pt\/wp-content\/uploads\/2021\/06\/aline_gimenez.jpg\" class=\"attachment-full size-full wp-post-image\" alt=\"Aline Gimenez\" srcset=\"https:\/\/www.bodyflow.pt\/wp-content\/uploads\/2021\/06\/aline_gimenez.jpg 667w, https:\/\/www.bodyflow.pt\/wp-content\/uploads\/2021\/06\/aline_gimenez-267x300.jpg 267w\" sizes=\"(max-width: 667px) 100vw, 667px\" \/><\/noscript>\t\t\t<\/div>\n\t\t<\/div>\n\t\t<div class=\"qodef-e-content\" >\n\t\t\t<h5 itemprop=\"name\" class=\"qodef-e-title entry-title\" >\n\t\t\tAline Gimenez\t<\/h5>\n\t\t\t\t\t\t            \t<span class=\"qodef-e-role\">Cofondateur \/ Directeur g\u00e9n\u00e9ral<\/span>\n\t\t<\/div>\n\t<\/div>\n<\/div>\n\t<\/div>\n\t<\/div>\n\t\t\t\t<\/div>\n\t\t\t\t<\/div>\n\t\t\t\t\t<\/div>\n\t\t<\/div>\n\t\t\t\t\t<\/div>\n\t\t<\/section>\n\t\t\t\t<\/div>","protected":false},"excerpt":{"rendered":"<p>NOTRE \u00c9QUIPE Avec plus de 15 ans d'exp\u00e9rience, nous avons s\u00e9lectionn\u00e9 les traitements les plus humanis\u00e9s et personnalis\u00e9s avec la plus grande innovation et technologie sur le march\u00e9 de la beaut\u00e9. Gisely Valiani Co-fondatrice \/ Th\u00e9rapeute Aline Gimenez CEO \/ Co-fondatrice Tatiana Carrasco Th\u00e9rapeute Emiliana Croulliere Th\u00e9rapeute Talita Carvalho Designer d'ongles<\/p>","protected":false},"author":1,"featured_media":0,"parent":0,"menu_order":0,"comment_status":"closed","ping_status":"closed","template":"page-full-width.php","meta":{"footnotes":""},"class_list":["post-2958","page","type-page","status-publish","hentry"],"aioseo_notices":[],"_links":{"self":[{"href":"https:\/\/www.bodyflow.pt\/fr\/wp-json\/wp\/v2\/pages\/2958"}],"collection":[{"href":"https:\/\/www.bodyflow.pt\/fr\/wp-json\/wp\/v2\/pages"}],"about":[{"href":"https:\/\/www.bodyflow.pt\/fr\/wp-json\/wp\/v2\/types\/page"}],"author":[{"embeddable":true,"href":"https:\/\/www.bodyflow.pt\/fr\/wp-json\/wp\/v2\/users\/1"}],"replies":[{"embeddable":true,"href":"https:\/\/www.bodyflow.pt\/fr\/wp-json\/wp\/v2\/comments?post=2958"}],"version-history":[{"count":0,"href":"https:\/\/www.bodyflow.pt\/fr\/wp-json\/wp\/v2\/pages\/2958\/revisions"}],"wp:attachment":[{"href":"https:\/\/www.bodyflow.pt\/fr\/wp-json\/wp\/v2\/media?parent=2958"}],"curies":[{"name":"wp","href":"https:\/\/api.w.org\/{rel}","templated":true}]}}