{"id":1931,"date":"2021-07-02T14:13:31","date_gmt":"2021-07-02T13:13:31","guid":{"rendered":"https:\/\/chea.qodeinteractive.com\/?page_id=1931"},"modified":"2025-07-08T12:11:04","modified_gmt":"2025-07-08T11:11:04","slug":"sobre-nos","status":"publish","type":"page","link":"https:\/\/www.bodyflow.pt\/it\/chi-siamo\/","title":{"rendered":"Chi siamo"},"content":{"rendered":"<div data-elementor-type=\"wp-page\" data-elementor-id=\"1931\" class=\"elementor elementor-1931\">\n\t\t\t\t\t\t<section class=\"elementor-section elementor-top-section elementor-element elementor-element-ab851c4 elementor-section-full_width elementor-section-height-default elementor-section-height-default qodef-elementor-content-no\" data-id=\"ab851c4\" data-element_type=\"section\">\n\t\t\t\t\t\t<div class=\"elementor-container elementor-column-gap-default\">\n\t\t\t\t\t<div class=\"elementor-column elementor-col-50 elementor-top-column elementor-element elementor-element-654d4e6\" data-id=\"654d4e6\" data-element_type=\"column\">\n\t\t\t<div class=\"elementor-widget-wrap elementor-element-populated\">\n\t\t\t\t\t\t<div class=\"elementor-element elementor-element-da92582 elementor-widget elementor-widget-image\" data-id=\"da92582\" data-element_type=\"widget\" data-widget_type=\"image.default\">\n\t\t\t\t<div class=\"elementor-widget-container\">\n\t\t\t\t\t\t\t\t\t\t\t\t\t\t\t<img fetchpriority=\"high\" decoding=\"async\" width=\"1300\" height=\"1079\" src=\"https:\/\/www.bodyflow.pt\/wp-content\/uploads\/2022\/10\/bodyflow_masters-1300x1079.jpg\" class=\"attachment-chea_core_image_size_huge-square size-chea_core_image_size_huge-square wp-image-8038\" alt=\"Body Flow - Fondatori\" \/>\t\t\t\t\t\t\t\t\t\t\t\t\t\t\t<\/div>\n\t\t\t\t<\/div>\n\t\t\t\t\t<\/div>\n\t\t<\/div>\n\t\t\t\t<div class=\"elementor-column elementor-col-50 elementor-top-column elementor-element elementor-element-9a1b104\" data-id=\"9a1b104\" data-element_type=\"column\">\n\t\t\t<div class=\"elementor-widget-wrap elementor-element-populated\">\n\t\t\t\t\t\t<div class=\"elementor-element elementor-element-34d6bee elementor-widget__width-initial elementor-widget elementor-widget-chea_core_section_title\" data-id=\"34d6bee\" data-element_type=\"widget\" data-widget_type=\"chea_core_section_title.default\">\n\t\t\t\t<div class=\"elementor-widget-container\">\n\t\t\t\t\t<div class=\"qodef-shortcode qodef-m  qodef-section-title qodef-alignment--left\">\n\t\t\t<h2 class=\"qodef-m-title\" >\n\t\t\t\t\tCORPO <span class=\"qodef-italic-word\">FLUSSO<\/span>\t\t\t<\/h2>\n\t\t<p class=\"qodef-m-text\" style=\"font-size: 22px\">Siamo un luogo di accoglienza, cura e risignificazione. Del corpo e dell'anima.\nAttraverso trattamenti clinici di estetica del viso e del corpo.\nCon oltre 15 anni di esperienza, azione e ascolto, abbiamo selezionato i trattamenti pi\u00f9 umanizzati e personalizzati con le ultime innovazioni e tecnologie presenti sul mercato della bellezza. Sono concepiti in modo inclusivo, per soddisfare le donne reali che desiderano stabilire un migliore rapporto di cura di s\u00e9 e di benessere.\n\nLe nostre conoscenze si fondono con le nostre esperienze e, attraverso un'immersione nel femminile, stabiliamo connessioni ed esperienze pi\u00f9 accoglienti, capaci di creare un rapporto di fiducia con la nostra comunit\u00e0.\n<\/p>\n\t\n            <div class=\"qodef-m-button\">\n            <a class=\"qodef-shortcode qodef-m  qodef-button qodef-layout--outlined  qodef-html--link\" href=\"https:\/\/www.bodyflow.pt\/it\/2022\/10\/19\/manifesto\/\" target=\"_self\"  >    <span class=\"qodef-m-border--top-right\" ><\/span>    <span class=\"qodef-m-border--bottom-left\" ><\/span>    <span class=\"qodef-m-text\">IL NOSTRO MANIFESTO<\/span><\/a>        <\/div>\n    <\/div>\n\t\t\t\t<\/div>\n\t\t\t\t<\/div>\n\t\t\t\t\t<\/div>\n\t\t<\/div>\n\t\t\t\t\t<\/div>\n\t\t<\/section>\n\t\t\t\t<section class=\"elementor-section elementor-top-section elementor-element elementor-element-b917f5b elementor-section-full_width qodef-elementor-content-grid elementor-section-height-default elementor-section-height-default\" data-id=\"b917f5b\" data-element_type=\"section\">\n\t\t\t\t\t\t<div class=\"elementor-container elementor-column-gap-default\">\n\t\t\t\t\t<div class=\"elementor-column elementor-col-100 elementor-top-column elementor-element elementor-element-6949f33\" data-id=\"6949f33\" data-element_type=\"column\">\n\t\t\t<div class=\"elementor-widget-wrap elementor-element-populated\">\n\t\t\t\t\t\t<div class=\"elementor-element elementor-element-c315d62 elementor-widget elementor-widget-chea_core_testimonials_list\" data-id=\"c315d62\" data-element_type=\"widget\" data-widget_type=\"chea_core_testimonials_list.default\">\n\t\t\t\t<div class=\"elementor-widget-container\">\n\t\t\t\t\t<div class=\"qodef-shortcode qodef-m  qodef-testimonials-list qodef-skin--light qodef-simple-layout--yes qodef-grid qodef-swiper-container  qodef-gutter--medium qodef-col-num--1 qodef-item-layout--info-below qodef-responsive--predefined\" data-options=\"{&quot;slidesPerView&quot;:&quot;1&quot;,&quot;spaceBetween&quot;:40,&quot;loop&quot;:true,&quot;autoplay&quot;:false,&quot;speed&quot;:&quot;&quot;,&quot;speedAnimation&quot;:&quot;1080&quot;,&quot;slideAnimation&quot;:&quot;&quot;,&quot;outsideNavigation&quot;:&quot;yes&quot;,&quot;unique&quot;:823,&quot;direction&quot;:&quot;vertical&quot;}\">\n        <div class=\"qodef-e-quote\">\"<\/div>\n    \t<div class=\"swiper-wrapper\">\n\t\t<div class=\"qodef-e swiper-slide\">\n\t<div class=\"qodef-e-inner\">\n\t\t\t\t<div class=\"qodef-e-content\">\n\t\t\t\t\t\t    \t<h3 itemprop=\"description\" class=\"qodef-e-text\">Servizio molto professionale e molta conoscenza dei trattamenti, insieme ad un servizio molto cordiale!\r\nSono diventata mamma da poco e mi \u00e8 stato consigliato di provare la criofrequenza: risultati in una sola seduta. Non posso che consigliarlo!<\/h3>\n\t\t\t\t<span class=\"qodef-e-author\">\n        <span class=\"qodef-e-author-label\">Da<\/span>\n\t\t<span class=\"qodef-e-author-name\">Sara Aires<\/span> \/\n\t\t<span class=\"qodef-e-author-job\"><\/span>\n\t<\/span>\n\t\t<\/div>\n\t<\/div>\n<\/div>\n<div class=\"qodef-e swiper-slide\">\n\t<div class=\"qodef-e-inner\">\n\t\t\t\t<div class=\"qodef-e-content\">\n\t\t\t\t\t\t    \t<h3 itemprop=\"description\" class=\"qodef-e-text\">Drenaggio linfatico estremamente professionale e completo. Atmosfera accogliente, molto igienica e attenta.<\/h3>\n\t\t\t\t<span class=\"qodef-e-author\">\n        <span class=\"qodef-e-author-label\">Da<\/span>\n\t\t<span class=\"qodef-e-author-name\">Carina Branco<\/span> \/\n\t\t<span class=\"qodef-e-author-job\"><\/span>\n\t<\/span>\n\t\t<\/div>\n\t<\/div>\n<\/div>\n<div class=\"qodef-e swiper-slide\">\n\t<div class=\"qodef-e-inner\">\n\t\t\t\t<div class=\"qodef-e-content\">\n\t\t\t\t\t\t    \t<h3 itemprop=\"description\" class=\"qodef-e-text\">Ho fatto un fantastico massaggio linfatico con Giseley! La sede \u00e8 molto centrale e facile da trovare. Sono molto accoglienti e dopo il massaggio mi sono sentita rigenerata. <\/h3>\n\t\t\t\t<span class=\"qodef-e-author\">\n        <span class=\"qodef-e-author-label\">Da<\/span>\n\t\t<span class=\"qodef-e-author-name\">Ella Asnin<\/span> \/\n\t\t<span class=\"qodef-e-author-job\"><\/span>\n\t<\/span>\n\t\t<\/div>\n\t<\/div>\n<\/div>\n\t<\/div>\n        <div class=\"swiper-pagination\"><\/div>\n<\/div>\n<div class=\"qodef-disable-scroll\"><\/div>\n\t\t\t\t<\/div>\n\t\t\t\t<\/div>\n\t\t\t\t\t<\/div>\n\t\t<\/div>\n\t\t\t\t\t<\/div>\n\t\t<\/section>\n\t\t\t\t<section class=\"elementor-section elementor-top-section elementor-element elementor-element-b9eb44f elementor-section-full_width qodef-elementor-content-grid elementor-section-height-default elementor-section-height-default\" data-id=\"b9eb44f\" data-element_type=\"section\">\n\t\t\t\t\t\t<div class=\"elementor-container elementor-column-gap-default\">\n\t\t\t\t\t<div class=\"elementor-column elementor-col-100 elementor-top-column elementor-element elementor-element-26688d2\" data-id=\"26688d2\" data-element_type=\"column\" data-settings=\"{&quot;background_background&quot;:&quot;classic&quot;}\">\n\t\t\t<div class=\"elementor-widget-wrap elementor-element-populated\">\n\t\t\t\t\t\t<div class=\"elementor-element elementor-element-0916563 elementor-widget-mobile__width-initial elementor-widget-tablet__width-initial elementor-widget elementor-widget-chea_core_section_title\" data-id=\"0916563\" data-element_type=\"widget\" data-widget_type=\"chea_core_section_title.default\">\n\t\t\t\t<div class=\"elementor-widget-container\">\n\t\t\t\t\t<div class=\"qodef-shortcode qodef-m  qodef-section-title qodef-alignment--center\">\n\t\t\t<h2 class=\"qodef-m-title\" >\n\t\t\t\t\tIscriviti a <span class=\"qodef-italic-word\">nostro<\/span> newsletter\t\t\t<\/h2>\n\t\t<p class=\"qodef-m-text\" >E tenetevi aggiornati sulle ultime novit\u00e0 del mondo della bellezza e della cura della donna<\/p>\n\t\n    <\/div>\n\t\t\t\t<\/div>\n\t\t\t\t<\/div>\n\t\t\t\t<div class=\"elementor-element elementor-element-7b645ea elementor-widget elementor-widget-spacer\" data-id=\"7b645ea\" data-element_type=\"widget\" data-widget_type=\"spacer.default\">\n\t\t\t\t<div class=\"elementor-widget-container\">\n\t\t\t\t\t\t\t<div class=\"elementor-spacer\">\n\t\t\t<div class=\"elementor-spacer-inner\"><\/div>\n\t\t<\/div>\n\t\t\t\t\t\t<\/div>\n\t\t\t\t<\/div>\n\t\t\t\t<div class=\"elementor-element elementor-element-11d288c elementor-widget__width-initial elementor-widget-tablet__width-initial elementor-widget-mobile__width-initial elementor-widget elementor-widget-wp-widget-chea_core_contact_form_7\" data-id=\"11d288c\" data-element_type=\"widget\" data-widget_type=\"wp-widget-chea_core_contact_form_7.default\">\n\t\t\t\t<div class=\"elementor-widget-container\">\n\t\t\t\t\t\t\t\t<div class=\"qodef-contact-form-7\">\n\t\t\t\t\n<div class=\"wpcf7 no-js\" id=\"wpcf7-f80-o1\" lang=\"en-US\" dir=\"ltr\">\n<div class=\"screen-reader-response\"><p role=\"status\" aria-live=\"polite\" aria-atomic=\"true\"><\/p> <ul><\/ul><\/div>\n<form action=\"\/it\/wp-json\/wp\/v2\/pages\/1931#wpcf7-f80-o1\" method=\"post\" class=\"wpcf7-form init\" aria-label=\"Contact form\" novalidate=\"novalidate\" data-status=\"init\" data-trp-original-action=\"\/it\/wp-json\/wp\/v2\/pages\/1931#wpcf7-f80-o1\">\n<div style=\"display: none;\">\n<input type=\"hidden\" name=\"_wpcf7\" value=\"80\" \/>\n<input type=\"hidden\" name=\"_wpcf7_version\" value=\"5.9.5\" \/>\n<input type=\"hidden\" name=\"_wpcf7_locale\" value=\"en_US\" \/>\n<input type=\"hidden\" name=\"_wpcf7_unit_tag\" value=\"wpcf7-f80-o1\" \/>\n<input type=\"hidden\" name=\"_wpcf7_container_post\" value=\"0\" \/>\n<input type=\"hidden\" name=\"_wpcf7_posted_data_hash\" value=\"\" \/>\n<\/div>\n<div class=\"qodef-newsletter-form qodef-form\">\n\t<div class=\"qodef-newsletter-form-input\">\n\t\t<p><span class=\"wpcf7-form-control-wrap\" data-name=\"your-email\"><input size=\"40\" class=\"wpcf7-form-control wpcf7-email wpcf7-validates-as-required wpcf7-text wpcf7-validates-as-email\" aria-required=\"true\" aria-invalid=\"false\" placeholder=\"Il vostro indirizzo e-mail\" value=\"\" type=\"email\" name=\"your-email\" \/><\/span>\n\t\t<\/p>\n\t<\/div>\n\t<div class=\"qodef-newsletter-form-submit\">\n\t\t<p><button class=\"wpcf7-form-control wpcf7-submit qodef-button qodef-size--normal qodef-layout--outlined qodef-m\" type=\"submit\"><span class=\"qodef-m-border--top-right\"><\/span><span class=\"qodef-m-border--bottom-left\"><\/span><span class=\"qodef-m-text\">Inviare<\/span><\/button>\n\t\t<\/p>\n\t<\/div>\n<\/div><p style=\"display: none !important;\" class=\"akismet-fields-container\" data-prefix=\"_wpcf7_ak_\"><label>&#916;<textarea name=\"_wpcf7_ak_hp_textarea\" cols=\"45\" rows=\"8\" maxlength=\"100\"><\/textarea><\/label><input type=\"hidden\" id=\"ak_js_1\" name=\"_wpcf7_ak_js\" value=\"248\"\/><script>document.getElementById( \"ak_js_1\" ).setAttribute( \"value\", ( new Date() ).getTime() );<\/script><\/p><div class=\"wpcf7-response-output\" aria-hidden=\"true\"><\/div>\n<input type=\"hidden\" name=\"trp-form-language\" value=\"it\"\/><\/form>\n<\/div>\n\t\t\t<\/div>\n\t\t\t\t\t\t\t<\/div>\n\t\t\t\t<\/div>\n\t\t\t\t\t<\/div>\n\t\t<\/div>\n\t\t\t\t\t<\/div>\n\t\t<\/section>\n\t\t\t\t<\/div>","protected":false},"excerpt":{"rendered":"<p>BODY FLOW Somos um espa\u00e7o de acolhimento, cuidado e ressignifica\u00e7\u00e3o. Do corpo e da alma. Atrav\u00e9s de tratamentos cl\u00ednicos de est\u00e9tica facial e corporal. Com mais de 15 anos de experi\u00eancia, atua\u00e7\u00e3o e escuta, selecionamos tratamentos mais humanizados, personalizados e providos da mais alta inova\u00e7\u00e3o e tecnologia presentes no mercado de beleza. Pensados de forma [&hellip;]<\/p>","protected":false},"author":1,"featured_media":0,"parent":0,"menu_order":0,"comment_status":"closed","ping_status":"closed","template":"page-full-width.php","meta":{"footnotes":""},"class_list":["post-1931","page","type-page","status-publish","hentry"],"aioseo_notices":[],"_links":{"self":[{"href":"https:\/\/www.bodyflow.pt\/it\/wp-json\/wp\/v2\/pages\/1931"}],"collection":[{"href":"https:\/\/www.bodyflow.pt\/it\/wp-json\/wp\/v2\/pages"}],"about":[{"href":"https:\/\/www.bodyflow.pt\/it\/wp-json\/wp\/v2\/types\/page"}],"author":[{"embeddable":true,"href":"https:\/\/www.bodyflow.pt\/it\/wp-json\/wp\/v2\/users\/1"}],"replies":[{"embeddable":true,"href":"https:\/\/www.bodyflow.pt\/it\/wp-json\/wp\/v2\/comments?post=1931"}],"version-history":[{"count":3,"href":"https:\/\/www.bodyflow.pt\/it\/wp-json\/wp\/v2\/pages\/1931\/revisions"}],"predecessor-version":[{"id":8343,"href":"https:\/\/www.bodyflow.pt\/it\/wp-json\/wp\/v2\/pages\/1931\/revisions\/8343"}],"wp:attachment":[{"href":"https:\/\/www.bodyflow.pt\/it\/wp-json\/wp\/v2\/media?parent=1931"}],"curies":[{"name":"wp","href":"https:\/\/api.w.org\/{rel}","templated":true}]}}